{"id":8624,"date":"2022-10-26T12:39:54","date_gmt":"2022-10-26T10:39:54","guid":{"rendered":"https:\/\/lifethink.eu\/lyttosbeach\/services-facilities\/"},"modified":"2026-02-11T16:30:42","modified_gmt":"2026-02-11T14:30:42","slug":"services-facilities","status":"publish","type":"page","link":"https:\/\/www.lyttosbeach.gr\/de\/services-facilities\/","title":{"rendered":"DIENSTLEISTUNGEN"},"content":{"rendered":"<p>Machen Sie Ihren Aufenthalt im Lyttos Beach Resort zu einem Erlebnis. Das F\u00fcnf-Sterne-All-Inclusive-Resort direkt am Strand von Hersonissos auf Kreta verf\u00fcgt \u00fcber einen langen Sandstrand, nat\u00fcrliche G\u00e4rten, flie\u00dfende Pools sowie hervorragende Einrichtungen und Anlagen. Erleben Sie den perfekten Urlaub in Griechenland und genie\u00dfen Sie die folgenden Angebote:<\/p>\n","protected":false},"excerpt":{"rendered":"<p>Machen Sie Ihren Aufenthalt im Lyttos Beach Resort zu einem Erlebnis. Das F\u00fcnf-Sterne-All-Inclusive-Resort direkt am Strand von Hersonissos auf Kreta verf\u00fcgt \u00fcber einen langen Sandstrand, nat\u00fcrliche G\u00e4rten, flie\u00dfende Pools sowie hervorragende Einrichtungen und Anlagen. Erleben Sie den perfekten Urlaub in&hellip;<\/p>\n","protected":false},"author":1,"featured_media":0,"parent":0,"menu_order":0,"comment_status":"closed","ping_status":"closed","template":"kobo\/services.php","meta":{"_acf_changed":false,"footnotes":""},"class_list":["post-8624","page","type-page","status-publish","hentry","entry","no-media"],"acf":[],"aioseo_notices":[],"_links":{"self":[{"href":"https:\/\/www.lyttosbeach.gr\/de\/wp-json\/wp\/v2\/pages\/8624","targetHints":{"allow":["GET"]}}],"collection":[{"href":"https:\/\/www.lyttosbeach.gr\/de\/wp-json\/wp\/v2\/pages"}],"about":[{"href":"https:\/\/www.lyttosbeach.gr\/de\/wp-json\/wp\/v2\/types\/page"}],"author":[{"embeddable":true,"href":"https:\/\/www.lyttosbeach.gr\/de\/wp-json\/wp\/v2\/users\/1"}],"replies":[{"embeddable":true,"href":"https:\/\/www.lyttosbeach.gr\/de\/wp-json\/wp\/v2\/comments?post=8624"}],"version-history":[{"count":9,"href":"https:\/\/www.lyttosbeach.gr\/de\/wp-json\/wp\/v2\/pages\/8624\/revisions"}],"predecessor-version":[{"id":11273,"href":"https:\/\/www.lyttosbeach.gr\/de\/wp-json\/wp\/v2\/pages\/8624\/revisions\/11273"}],"wp:attachment":[{"href":"https:\/\/www.lyttosbeach.gr\/de\/wp-json\/wp\/v2\/media?parent=8624"}],"curies":[{"name":"wp","href":"https:\/\/api.w.org\/{rel}","templated":true}]}}