{"id":8627,"date":"2022-10-26T10:50:43","date_gmt":"2022-10-26T08:50:43","guid":{"rendered":"https:\/\/lifethink.eu\/lyttosbeach\/family\/"},"modified":"2023-05-22T11:58:06","modified_gmt":"2023-05-22T09:58:06","slug":"family","status":"publish","type":"page","link":"https:\/\/www.lyttosbeach.gr\/de\/family\/","title":{"rendered":"Familie"},"content":{"rendered":"<p>Spannende Erlebnisse erwarten jedes Kind in der Spa\u00dfwelt von Lyttos Beach und sorgen daf\u00fcr, dass die ganze Familie einen unvergesslichen Urlaub genie\u00dft. Lyttos Beach bietet eine gro\u00dfe Auswahl an farbenfrohen Aktivit\u00e4ten und unbegrenzte Unterhaltung f\u00fcr Kinder jeden Alters und ist darauf ausgelegt, junge Reisende und ihre Familien zu begeistern und zu inspirieren.<\/p>\n","protected":false},"excerpt":{"rendered":"<p>Spannende Erlebnisse erwarten jedes Kind in der Spa\u00dfwelt von Lyttos Beach und sorgen daf\u00fcr, dass die ganze Familie einen unvergesslichen Urlaub genie\u00dft. Lyttos Beach bietet eine gro\u00dfe Auswahl an farbenfrohen Aktivit\u00e4ten und unbegrenzte Unterhaltung f\u00fcr Kinder jeden Alters und ist&hellip;<\/p>\n","protected":false},"author":1,"featured_media":0,"parent":0,"menu_order":0,"comment_status":"closed","ping_status":"closed","template":"kobo\/family.php","meta":{"_acf_changed":false,"footnotes":""},"class_list":["post-8627","page","type-page","status-publish","hentry","entry","no-media"],"acf":[],"aioseo_notices":[],"_links":{"self":[{"href":"https:\/\/www.lyttosbeach.gr\/de\/wp-json\/wp\/v2\/pages\/8627","targetHints":{"allow":["GET"]}}],"collection":[{"href":"https:\/\/www.lyttosbeach.gr\/de\/wp-json\/wp\/v2\/pages"}],"about":[{"href":"https:\/\/www.lyttosbeach.gr\/de\/wp-json\/wp\/v2\/types\/page"}],"author":[{"embeddable":true,"href":"https:\/\/www.lyttosbeach.gr\/de\/wp-json\/wp\/v2\/users\/1"}],"replies":[{"embeddable":true,"href":"https:\/\/www.lyttosbeach.gr\/de\/wp-json\/wp\/v2\/comments?post=8627"}],"version-history":[{"count":2,"href":"https:\/\/www.lyttosbeach.gr\/de\/wp-json\/wp\/v2\/pages\/8627\/revisions"}],"predecessor-version":[{"id":10148,"href":"https:\/\/www.lyttosbeach.gr\/de\/wp-json\/wp\/v2\/pages\/8627\/revisions\/10148"}],"wp:attachment":[{"href":"https:\/\/www.lyttosbeach.gr\/de\/wp-json\/wp\/v2\/media?parent=8627"}],"curies":[{"name":"wp","href":"https:\/\/api.w.org\/{rel}","templated":true}]}}