{"id":8636,"date":"2021-07-08T12:13:29","date_gmt":"2021-07-08T10:13:29","guid":{"rendered":"https:\/\/lifethink.eu\/lyttosbeach\/dining\/"},"modified":"2023-05-22T11:57:31","modified_gmt":"2023-05-22T09:57:31","slug":"dining","status":"publish","type":"page","link":"https:\/\/www.lyttosbeach.gr\/de\/dining\/","title":{"rendered":"ESSEN"},"content":{"rendered":"<p>Begeben Sie sich auf ein kulinarisches Abenteuer in unseren verschiedenen Restaurants, die Ihnen ein wahres Geschmackserlebnis bieten und Ihre Sinne verw\u00f6hnen. Genie\u00dfen Sie die Essenz Kretas in jedem Gericht im bezaubernden Restaurant \u201eDiktamos\u201c oder entdecken Sie die exotischen Aromen der asiatischen K\u00fcche im \u201eTastes of Asia\u201c. Entspannen Sie sich im romantischen Strandambiente der Taverna \u201eKalypso\u201c oder genie\u00dfen Sie die lebhafte Snack Bar \u201eThalassa\u201c, wo unser erfahrener Wok-Meister vor Ihren Augen thail\u00e4ndisch inspirierte Gerichte zubereitet. Der familienfreundliche \u201eFast Food Spot\u201c im Wasserpark bietet Ihnen die M\u00f6glichkeit, sich mit leckeren Speisen zu st\u00e4rken. Das Lyttos Beach Hotel bietet verschiedene gastronomische Optionen f\u00fcr jeden Geschmack und verspricht, durch unvergessliche gastronomische Erlebnisse bleibende Erinnerungen f\u00fcr die ganze Familie zu schaffen.<\/p>\n","protected":false},"excerpt":{"rendered":"<p>Begeben Sie sich auf ein kulinarisches Abenteuer in unseren verschiedenen Restaurants, die Ihnen ein wahres Geschmackserlebnis bieten und Ihre Sinne verw\u00f6hnen. Genie\u00dfen Sie die Essenz Kretas in jedem Gericht im bezaubernden Restaurant \u201eDiktamos\u201c oder entdecken Sie die exotischen Aromen der&hellip;<\/p>\n","protected":false},"author":1,"featured_media":0,"parent":0,"menu_order":0,"comment_status":"closed","ping_status":"closed","template":"kobo\/dining.php","meta":{"_acf_changed":false,"footnotes":""},"class_list":["post-8636","page","type-page","status-publish","hentry","entry","no-media"],"acf":[],"aioseo_notices":[],"_links":{"self":[{"href":"https:\/\/www.lyttosbeach.gr\/de\/wp-json\/wp\/v2\/pages\/8636","targetHints":{"allow":["GET"]}}],"collection":[{"href":"https:\/\/www.lyttosbeach.gr\/de\/wp-json\/wp\/v2\/pages"}],"about":[{"href":"https:\/\/www.lyttosbeach.gr\/de\/wp-json\/wp\/v2\/types\/page"}],"author":[{"embeddable":true,"href":"https:\/\/www.lyttosbeach.gr\/de\/wp-json\/wp\/v2\/users\/1"}],"replies":[{"embeddable":true,"href":"https:\/\/www.lyttosbeach.gr\/de\/wp-json\/wp\/v2\/comments?post=8636"}],"version-history":[{"count":1,"href":"https:\/\/www.lyttosbeach.gr\/de\/wp-json\/wp\/v2\/pages\/8636\/revisions"}],"predecessor-version":[{"id":10146,"href":"https:\/\/www.lyttosbeach.gr\/de\/wp-json\/wp\/v2\/pages\/8636\/revisions\/10146"}],"wp:attachment":[{"href":"https:\/\/www.lyttosbeach.gr\/de\/wp-json\/wp\/v2\/media?parent=8636"}],"curies":[{"name":"wp","href":"https:\/\/api.w.org\/{rel}","templated":true}]}}