{"id":8642,"date":"2021-03-29T12:26:54","date_gmt":"2021-03-29T10:26:54","guid":{"rendered":"https:\/\/lifethink.eu\/lyttosbeach\/sports\/"},"modified":"2023-05-22T11:58:23","modified_gmt":"2023-05-22T09:58:23","slug":"sports","status":"publish","type":"page","link":"https:\/\/www.lyttosbeach.gr\/de\/sports\/","title":{"rendered":"Sportakademie"},"content":{"rendered":"<p>Mit einem umfangreichen Angebot an Aktivit\u00e4ten, darunter Wassersport, Radfahren, Wellness und Sportaktivit\u00e4ten, machen Sie das Beste aus Ihrem Urlaub. Am Lyttos Beach erwartet Sie ein Urlaub voller Spa\u00df und Sport. Wenn Sonne, Strand und Faulenzen am Pool in Ihrem Luxus-Familienurlaub nicht ausreichen, treiben Sie eine aufregende Sportart. Fordern Sie sich selbst heraus und bleiben Sie w\u00e4hrend Ihres Aufenthalts aktiv. W\u00e4hlen Sie aus einer Vielzahl speziell f\u00fcr Sie zusammengestellter Indoor- und Outdoor-Aktivit\u00e4ten. Unsere hochmodernen Wellnessbereiche und -einrichtungen sind darauf ausgelegt, die Seele zu beruhigen, Geist und K\u00f6rper mit Energie zu versorgen und Ihnen dabei zu helfen, sich wieder mit der Welt um Sie herum zu verbinden. Nehmen Sie sich etwas Zeit, um sich mit einer Reihe einzigartiger Spa-Behandlungen zu verw\u00f6hnen, oder halten Sie sich mit einer Trainingseinheit im Fitnessstudio fit.<\/p>\n","protected":false},"excerpt":{"rendered":"<p>Mit einem umfangreichen Angebot an Aktivit\u00e4ten, darunter Wassersport, Radfahren, Wellness und Sportaktivit\u00e4ten, machen Sie das Beste aus Ihrem Urlaub. Am Lyttos Beach erwartet Sie ein Urlaub voller Spa\u00df und Sport. Wenn Sonne, Strand und Faulenzen am Pool in Ihrem Luxus-Familienurlaub&hellip;<\/p>\n","protected":false},"author":1,"featured_media":0,"parent":0,"menu_order":0,"comment_status":"closed","ping_status":"closed","template":"kobo\/experiences.php","meta":{"_acf_changed":false,"footnotes":""},"class_list":["post-8642","page","type-page","status-publish","hentry","entry","no-media"],"acf":[],"aioseo_notices":[],"_links":{"self":[{"href":"https:\/\/www.lyttosbeach.gr\/de\/wp-json\/wp\/v2\/pages\/8642","targetHints":{"allow":["GET"]}}],"collection":[{"href":"https:\/\/www.lyttosbeach.gr\/de\/wp-json\/wp\/v2\/pages"}],"about":[{"href":"https:\/\/www.lyttosbeach.gr\/de\/wp-json\/wp\/v2\/types\/page"}],"author":[{"embeddable":true,"href":"https:\/\/www.lyttosbeach.gr\/de\/wp-json\/wp\/v2\/users\/1"}],"replies":[{"embeddable":true,"href":"https:\/\/www.lyttosbeach.gr\/de\/wp-json\/wp\/v2\/comments?post=8642"}],"version-history":[{"count":2,"href":"https:\/\/www.lyttosbeach.gr\/de\/wp-json\/wp\/v2\/pages\/8642\/revisions"}],"predecessor-version":[{"id":10150,"href":"https:\/\/www.lyttosbeach.gr\/de\/wp-json\/wp\/v2\/pages\/8642\/revisions\/10150"}],"wp:attachment":[{"href":"https:\/\/www.lyttosbeach.gr\/de\/wp-json\/wp\/v2\/media?parent=8642"}],"curies":[{"name":"wp","href":"https:\/\/api.w.org\/{rel}","templated":true}]}}