{"id":8657,"date":"2021-03-09T11:42:50","date_gmt":"2021-03-09T09:42:50","guid":{"rendered":"https:\/\/lifethink.eu\/lyttosbeach\/accommodation\/"},"modified":"2023-05-22T11:59:40","modified_gmt":"2023-05-22T09:59:40","slug":"accommodation","status":"publish","type":"page","link":"https:\/\/www.lyttosbeach.gr\/de\/accommodation\/","title":{"rendered":"UNTERKUNFT"},"content":{"rendered":"<p>Lassen Sie sich vom beruhigenden Wellenrauschen an der K\u00fcste verzaubern und bereiten Sie sich auf unz\u00e4hlige sch\u00f6ne Erinnerungen vor. Begeben Sie sich mit dem Lyttos Beach Resort auf eine unvergessliche Reise, bei der Sie nicht nur von der atemberaubenden Sch\u00f6nheit der Umgebung beeindruckt sein werden, sondern auch von den \u00dcberraschungen, die wir sorgf\u00e4ltig f\u00fcr Sie zusammengestellt haben.<\/p>\n<p>Entspannen Sie sich in unseren ger\u00e4umigen G\u00e4stezimmern, die sorgf\u00e4ltig entworfen wurden, um minimalistische Eleganz mit modernem Flair zu verbinden und in denen unser freundlicher Service Ihren Aufenthalt aufwertet. Unsere 650 gut ausgestatteten Zimmer und Suiten mit eigenem oder gemeinsam genutztem Pool sind so gestaltet, dass sie ultimative Entspannung, Freizeit und Regeneration bieten. Entdecken Sie die perfekte Kombination von Spa\u00df, Abenteuer und Vergn\u00fcgen inmitten der wundersch\u00f6nen mediterranen Landschaft, die Lyttos Beach zur perfekten Wahl f\u00fcr Familienurlaube, romantische Ausfl\u00fcge oder professionelles Sporttraining in v\u00f6lliger Harmonie macht. Erleben Sie den bezaubernden Charme Kretas im Lyttos Beach Hotel, dem Ort, an dem unvergessliche Momente erlebt werden k\u00f6nnen.<\/p>\n","protected":false},"excerpt":{"rendered":"<p>Lassen Sie sich vom beruhigenden Wellenrauschen an der K\u00fcste verzaubern und bereiten Sie sich auf unz\u00e4hlige sch\u00f6ne Erinnerungen vor. Begeben Sie sich mit dem Lyttos Beach Resort auf eine unvergessliche Reise, bei der Sie nicht nur von der atemberaubenden Sch\u00f6nheit&hellip;<\/p>\n","protected":false},"author":1,"featured_media":0,"parent":0,"menu_order":0,"comment_status":"closed","ping_status":"closed","template":"kobo\/rooms.php","meta":{"_acf_changed":false,"footnotes":""},"class_list":["post-8657","page","type-page","status-publish","hentry","entry","no-media"],"acf":[],"aioseo_notices":[],"_links":{"self":[{"href":"https:\/\/www.lyttosbeach.gr\/de\/wp-json\/wp\/v2\/pages\/8657","targetHints":{"allow":["GET"]}}],"collection":[{"href":"https:\/\/www.lyttosbeach.gr\/de\/wp-json\/wp\/v2\/pages"}],"about":[{"href":"https:\/\/www.lyttosbeach.gr\/de\/wp-json\/wp\/v2\/types\/page"}],"author":[{"embeddable":true,"href":"https:\/\/www.lyttosbeach.gr\/de\/wp-json\/wp\/v2\/users\/1"}],"replies":[{"embeddable":true,"href":"https:\/\/www.lyttosbeach.gr\/de\/wp-json\/wp\/v2\/comments?post=8657"}],"version-history":[{"count":1,"href":"https:\/\/www.lyttosbeach.gr\/de\/wp-json\/wp\/v2\/pages\/8657\/revisions"}],"predecessor-version":[{"id":10153,"href":"https:\/\/www.lyttosbeach.gr\/de\/wp-json\/wp\/v2\/pages\/8657\/revisions\/10153"}],"wp:attachment":[{"href":"https:\/\/www.lyttosbeach.gr\/de\/wp-json\/wp\/v2\/media?parent=8657"}],"curies":[{"name":"wp","href":"https:\/\/api.w.org\/{rel}","templated":true}]}}