{"id":8661,"date":"2021-03-09T11:42:45","date_gmt":"2021-03-09T09:42:45","guid":{"rendered":"https:\/\/lifethink.eu\/lyttosbeach\/about\/"},"modified":"2023-05-22T12:23:36","modified_gmt":"2023-05-22T10:23:36","slug":"about","status":"publish","type":"page","link":"https:\/\/www.lyttosbeach.gr\/de\/about\/","title":{"rendered":"About"},"content":{"rendered":"<p>Das Lyttos Beach Resort bietet moderne Gastfreundschaft vom Feinsten. In wundersch\u00f6ner Strandlage im K\u00fcstendorf Analipsi in der Bucht von Hersonissos gelegen, ist das Lyttos Beach Resort ein Ort, an dem sich warmherzige kretische Gastfreundschaft harmonisch mit dem freundlichen und eleganten Ambiente verbinden. Das Lyttos Beach Resort bietet traumhafte Unterk\u00fcnfte und hervorragenden Service. Es ist der perfekte Ort, um All-inclusive-Gastfreundschaft und unterhaltsame Momente am Strand zu genie\u00dfen. Lassen Sie sich von den atemberaubenden Sonnenunterg\u00e4ngen am Strand, der authentischen kretischen K\u00fcche und einer gro\u00dfen Auswahl an spannenden Aktivit\u00e4ten und Sportarten auf dem beeindruckenden Gel\u00e4nde verw\u00f6hnen.<\/p>\n<p>Das Lyttos Beach Resort ist die perfekte Wahl f\u00fcr Familien. Das Angebot richtet sich sowohl an Kinder als auch an Erwachsene. Ein Anruf gen\u00fcgt, und schon ist ein aufregendes Erlebnis in greifbarer N\u00e4he. Mit einem 24\/7-Service, individuell angepassten Aktivit\u00e4ten, hochmodernen Einrichtungen und Liebe zum Detail erwartet Sie unser professionelles Team, um Ihren Urlaub unvergesslich zu machen.<\/p>\n<p>So beliebt Hersonissos im Sommer auch sein mag, unsere beeindruckenden Pools bieten immer das richtige Urlaubsgef\u00fchl. Die wundersch\u00f6ne Naturkulisse des Dorfes Analipsi, wo die Berge auf das Meer treffen, und die weitl\u00e4ufige K\u00fcstenlinie von Hersonissos bilden den idealen Rahmen f\u00fcr einen perfekten Strandurlaub. Genie\u00dfen Sie mit Ihrer Familie und Ihren Freunden das pulsierende Sommerleben unter der Sonne. Wo auch immer Sie im Lyttos Beach Resort einchecken, das Gef\u00fchl der Begeisterung ist stets pr\u00e4sent.<\/p>\n<p>Ein spannendes Programm an Aktivit\u00e4ten und hochmoderne Sporteinrichtungen kommen bei unseren kleinen G\u00e4sten voll und ganz an. Das Lyttos Beach Resort ist ein Paradies f\u00fcr Familienurlaube, in dem sich nat\u00fcrliche Sch\u00f6nheit und elegantes Design zu einem perfekten Ziel f\u00fcr einen unvergesslichen Urlaub auf Kreta vereinen.<\/p>\n","protected":false},"excerpt":{"rendered":"<p>Das Lyttos Beach Resort bietet moderne Gastfreundschaft vom Feinsten. In wundersch\u00f6ner Strandlage im K\u00fcstendorf Analipsi in der Bucht von Hersonissos gelegen, ist das Lyttos Beach Resort ein Ort, an dem sich warmherzige kretische Gastfreundschaft harmonisch mit dem freundlichen und eleganten&hellip;<\/p>\n","protected":false},"author":1,"featured_media":0,"parent":0,"menu_order":0,"comment_status":"closed","ping_status":"closed","template":"kobo\/about.php","meta":{"_acf_changed":false,"footnotes":""},"class_list":["post-8661","page","type-page","status-publish","hentry","entry","no-media"],"acf":[],"aioseo_notices":[],"_links":{"self":[{"href":"https:\/\/www.lyttosbeach.gr\/de\/wp-json\/wp\/v2\/pages\/8661","targetHints":{"allow":["GET"]}}],"collection":[{"href":"https:\/\/www.lyttosbeach.gr\/de\/wp-json\/wp\/v2\/pages"}],"about":[{"href":"https:\/\/www.lyttosbeach.gr\/de\/wp-json\/wp\/v2\/types\/page"}],"author":[{"embeddable":true,"href":"https:\/\/www.lyttosbeach.gr\/de\/wp-json\/wp\/v2\/users\/1"}],"replies":[{"embeddable":true,"href":"https:\/\/www.lyttosbeach.gr\/de\/wp-json\/wp\/v2\/comments?post=8661"}],"version-history":[{"count":2,"href":"https:\/\/www.lyttosbeach.gr\/de\/wp-json\/wp\/v2\/pages\/8661\/revisions"}],"predecessor-version":[{"id":10162,"href":"https:\/\/www.lyttosbeach.gr\/de\/wp-json\/wp\/v2\/pages\/8661\/revisions\/10162"}],"wp:attachment":[{"href":"https:\/\/www.lyttosbeach.gr\/de\/wp-json\/wp\/v2\/media?parent=8661"}],"curies":[{"name":"wp","href":"https:\/\/api.w.org\/{rel}","templated":true}]}}