{"id":8667,"date":"2020-12-17T13:22:24","date_gmt":"2020-12-17T11:22:24","guid":{"rendered":"https:\/\/lifethink.eu\/lyttosbeach\/home\/"},"modified":"2023-05-22T12:22:29","modified_gmt":"2023-05-22T10:22:29","slug":"home","status":"publish","type":"page","link":"https:\/\/www.lyttosbeach.gr\/de\/","title":{"rendered":"Home"},"content":{"rendered":"<p>Es gibt Momente, in denen nur ein Urlaub am Strand das einzig Wahre ist. Erleben Sie einen au\u00dfergew\u00f6hnlichen Urlaub im Lyttos Beach Resort auf Kreta, in dem jeder Moment mit endlosem Vergn\u00fcgen und Spa\u00df gef\u00fcllt ist.<\/p>\n<p>Das Leben ist sch\u00f6ner am Lyttos Beach.<\/p>\n","protected":false},"excerpt":{"rendered":"<p>Es gibt Momente, in denen nur ein Urlaub am Strand das einzig Wahre ist. Erleben Sie einen au\u00dfergew\u00f6hnlichen Urlaub im Lyttos Beach Resort auf Kreta, in dem jeder Moment mit endlosem Vergn\u00fcgen und Spa\u00df gef\u00fcllt ist. Das Leben ist sch\u00f6ner&hellip;<\/p>\n","protected":false},"author":1,"featured_media":0,"parent":0,"menu_order":0,"comment_status":"closed","ping_status":"closed","template":"kobo\/home.php","meta":{"_acf_changed":false,"footnotes":""},"class_list":["post-8667","page","type-page","status-publish","hentry","entry","no-media"],"acf":[],"aioseo_notices":[],"_links":{"self":[{"href":"https:\/\/www.lyttosbeach.gr\/de\/wp-json\/wp\/v2\/pages\/8667","targetHints":{"allow":["GET"]}}],"collection":[{"href":"https:\/\/www.lyttosbeach.gr\/de\/wp-json\/wp\/v2\/pages"}],"about":[{"href":"https:\/\/www.lyttosbeach.gr\/de\/wp-json\/wp\/v2\/types\/page"}],"author":[{"embeddable":true,"href":"https:\/\/www.lyttosbeach.gr\/de\/wp-json\/wp\/v2\/users\/1"}],"replies":[{"embeddable":true,"href":"https:\/\/www.lyttosbeach.gr\/de\/wp-json\/wp\/v2\/comments?post=8667"}],"version-history":[{"count":2,"href":"https:\/\/www.lyttosbeach.gr\/de\/wp-json\/wp\/v2\/pages\/8667\/revisions"}],"predecessor-version":[{"id":10160,"href":"https:\/\/www.lyttosbeach.gr\/de\/wp-json\/wp\/v2\/pages\/8667\/revisions\/10160"}],"wp:attachment":[{"href":"https:\/\/www.lyttosbeach.gr\/de\/wp-json\/wp\/v2\/media?parent=8667"}],"curies":[{"name":"wp","href":"https:\/\/api.w.org\/{rel}","templated":true}]}}