{"id":8617,"date":"2022-11-02T19:07:49","date_gmt":"2022-11-02T17:07:49","guid":{"rendered":"https:\/\/lifethink.eu\/lyttosbeach\/location\/"},"modified":"2023-05-22T09:19:33","modified_gmt":"2023-05-22T07:19:33","slug":"location","status":"publish","type":"page","link":"https:\/\/www.lyttosbeach.gr\/fr\/location\/","title":{"rendered":"Emplacement"},"content":{"rendered":"<p>La plus grande \u00eele grecque, la Cr\u00e8te, est c\u00e9l\u00e8bre pour ses magnifiques paysages de montagne et ses plages de sable exotiques. Souvent appel\u00e9e la reine de la M\u00e9diterran\u00e9e, la beaut\u00e9 naturelle de la Cr\u00e8te est ind\u00e9niable. L\u2019\u00eele est divis\u00e9e en quatre r\u00e9gions centrales &#8211; La Can\u00e9e, R\u00e9thymnon, H\u00e9raklion et Lasithi &#8211; chacune offrant des destinations de voyage exceptionnelles et des possibilit\u00e9s infinies pour explorer la diversit\u00e9 de l\u2019\u00eele.<\/p>\n","protected":false},"excerpt":{"rendered":"<p>La plus grande \u00eele grecque, la Cr\u00e8te, est c\u00e9l\u00e8bre pour ses magnifiques paysages de montagne et ses plages de sable exotiques. Souvent appel\u00e9e la reine de la M\u00e9diterran\u00e9e, la beaut\u00e9 naturelle de la Cr\u00e8te est ind\u00e9niable. L\u2019\u00eele est divis\u00e9e en&hellip;<\/p>\n","protected":false},"author":1,"featured_media":0,"parent":0,"menu_order":0,"comment_status":"closed","ping_status":"closed","template":"kobo\/location.php","meta":{"_acf_changed":false,"footnotes":""},"class_list":["post-8617","page","type-page","status-publish","hentry","entry","no-media"],"acf":[],"aioseo_notices":[],"_links":{"self":[{"href":"https:\/\/www.lyttosbeach.gr\/fr\/wp-json\/wp\/v2\/pages\/8617","targetHints":{"allow":["GET"]}}],"collection":[{"href":"https:\/\/www.lyttosbeach.gr\/fr\/wp-json\/wp\/v2\/pages"}],"about":[{"href":"https:\/\/www.lyttosbeach.gr\/fr\/wp-json\/wp\/v2\/types\/page"}],"author":[{"embeddable":true,"href":"https:\/\/www.lyttosbeach.gr\/fr\/wp-json\/wp\/v2\/users\/1"}],"replies":[{"embeddable":true,"href":"https:\/\/www.lyttosbeach.gr\/fr\/wp-json\/wp\/v2\/comments?post=8617"}],"version-history":[{"count":2,"href":"https:\/\/www.lyttosbeach.gr\/fr\/wp-json\/wp\/v2\/pages\/8617\/revisions"}],"predecessor-version":[{"id":10085,"href":"https:\/\/www.lyttosbeach.gr\/fr\/wp-json\/wp\/v2\/pages\/8617\/revisions\/10085"}],"wp:attachment":[{"href":"https:\/\/www.lyttosbeach.gr\/fr\/wp-json\/wp\/v2\/media?parent=8617"}],"curies":[{"name":"wp","href":"https:\/\/api.w.org\/{rel}","templated":true}]}}