{"id":8626,"date":"2022-10-26T10:50:43","date_gmt":"2022-10-26T08:50:43","guid":{"rendered":"https:\/\/lifethink.eu\/lyttosbeach\/family\/"},"modified":"2023-05-22T10:16:35","modified_gmt":"2023-05-22T08:16:35","slug":"family","status":"publish","type":"page","link":"https:\/\/www.lyttosbeach.gr\/fr\/family\/","title":{"rendered":"Famille"},"content":{"rendered":"<p>Des exp\u00e9riences passionnantes attendent chaque enfant dans le monde amusant de Lyttos Beach, tout en s&rsquo;assurant que toute la famille passera des vacances inoubliables. Offrant un large \u00e9ventail d&rsquo;activit\u00e9s color\u00e9es et de divertissements illimit\u00e9s pour les enfants de tous \u00e2ges, Lyttos Beach est con\u00e7u pour engager et inspirer les jeunes voyageurs et leurs familles.<\/p>\n","protected":false},"excerpt":{"rendered":"<p>Des exp\u00e9riences passionnantes attendent chaque enfant dans le monde amusant de Lyttos Beach, tout en s&rsquo;assurant que toute la famille passera des vacances inoubliables. Offrant un large \u00e9ventail d&rsquo;activit\u00e9s color\u00e9es et de divertissements illimit\u00e9s pour les enfants de tous \u00e2ges,&hellip;<\/p>\n","protected":false},"author":1,"featured_media":0,"parent":0,"menu_order":0,"comment_status":"closed","ping_status":"closed","template":"kobo\/family.php","meta":{"_acf_changed":false,"footnotes":""},"class_list":["post-8626","page","type-page","status-publish","hentry","entry","no-media"],"acf":[],"aioseo_notices":[],"_links":{"self":[{"href":"https:\/\/www.lyttosbeach.gr\/fr\/wp-json\/wp\/v2\/pages\/8626","targetHints":{"allow":["GET"]}}],"collection":[{"href":"https:\/\/www.lyttosbeach.gr\/fr\/wp-json\/wp\/v2\/pages"}],"about":[{"href":"https:\/\/www.lyttosbeach.gr\/fr\/wp-json\/wp\/v2\/types\/page"}],"author":[{"embeddable":true,"href":"https:\/\/www.lyttosbeach.gr\/fr\/wp-json\/wp\/v2\/users\/1"}],"replies":[{"embeddable":true,"href":"https:\/\/www.lyttosbeach.gr\/fr\/wp-json\/wp\/v2\/comments?post=8626"}],"version-history":[{"count":1,"href":"https:\/\/www.lyttosbeach.gr\/fr\/wp-json\/wp\/v2\/pages\/8626\/revisions"}],"predecessor-version":[{"id":10099,"href":"https:\/\/www.lyttosbeach.gr\/fr\/wp-json\/wp\/v2\/pages\/8626\/revisions\/10099"}],"wp:attachment":[{"href":"https:\/\/www.lyttosbeach.gr\/fr\/wp-json\/wp\/v2\/media?parent=8626"}],"curies":[{"name":"wp","href":"https:\/\/api.w.org\/{rel}","templated":true}]}}