{"id":8629,"date":"2022-09-28T18:32:52","date_gmt":"2022-09-28T16:32:52","guid":{"rendered":"https:\/\/lifethink.eu\/lyttosbeach\/wellness\/"},"modified":"2023-05-22T10:16:51","modified_gmt":"2023-05-22T08:16:51","slug":"wellness","status":"publish","type":"page","link":"https:\/\/www.lyttosbeach.gr\/fr\/wellness\/","title":{"rendered":"Bien-\u00eatre"},"content":{"rendered":"<p>Des soins sur mesure, un environnement de bien-\u00eatre paisible et des installations de remise en forme et de spa ultramodernes d\u00e9finissent une journ\u00e9e parfaite au Lyttos Beach Spa. Plongez dans un univers de bien-\u00eatre, de sant\u00e9 globale et d\u2019am\u00e9lioration de soi. En tant qu\u2019invit\u00e9 \u00e0 Lyttos Beach, nous vous encourageons \u00e0 vous faire dorloter avec notre s\u00e9lection vari\u00e9e de programmes de remise en forme et de th\u00e9rapies faciales et corporelles con\u00e7ues pour r\u00e9pondre \u00e0 votre style de vie unique.<\/p>\n","protected":false},"excerpt":{"rendered":"<p>Des soins sur mesure, un environnement de bien-\u00eatre paisible et des installations de remise en forme et de spa ultramodernes d\u00e9finissent une journ\u00e9e parfaite au Lyttos Beach Spa. Plongez dans un univers de bien-\u00eatre, de sant\u00e9 globale et d\u2019am\u00e9lioration de&hellip;<\/p>\n","protected":false},"author":1,"featured_media":0,"parent":0,"menu_order":0,"comment_status":"closed","ping_status":"closed","template":"kobo\/wellness.php","meta":{"_acf_changed":false,"footnotes":""},"class_list":["post-8629","page","type-page","status-publish","hentry","entry","no-media"],"acf":[],"aioseo_notices":[],"_links":{"self":[{"href":"https:\/\/www.lyttosbeach.gr\/fr\/wp-json\/wp\/v2\/pages\/8629","targetHints":{"allow":["GET"]}}],"collection":[{"href":"https:\/\/www.lyttosbeach.gr\/fr\/wp-json\/wp\/v2\/pages"}],"about":[{"href":"https:\/\/www.lyttosbeach.gr\/fr\/wp-json\/wp\/v2\/types\/page"}],"author":[{"embeddable":true,"href":"https:\/\/www.lyttosbeach.gr\/fr\/wp-json\/wp\/v2\/users\/1"}],"replies":[{"embeddable":true,"href":"https:\/\/www.lyttosbeach.gr\/fr\/wp-json\/wp\/v2\/comments?post=8629"}],"version-history":[{"count":4,"href":"https:\/\/www.lyttosbeach.gr\/fr\/wp-json\/wp\/v2\/pages\/8629\/revisions"}],"predecessor-version":[{"id":10100,"href":"https:\/\/www.lyttosbeach.gr\/fr\/wp-json\/wp\/v2\/pages\/8629\/revisions\/10100"}],"wp:attachment":[{"href":"https:\/\/www.lyttosbeach.gr\/fr\/wp-json\/wp\/v2\/media?parent=8629"}],"curies":[{"name":"wp","href":"https:\/\/api.w.org\/{rel}","templated":true}]}}