{"id":8641,"date":"2021-03-29T12:26:54","date_gmt":"2021-03-29T10:26:54","guid":{"rendered":"https:\/\/lifethink.eu\/lyttosbeach\/sports\/"},"modified":"2023-05-22T10:17:28","modified_gmt":"2023-05-22T08:17:28","slug":"sports","status":"publish","type":"page","link":"https:\/\/www.lyttosbeach.gr\/fr\/sports\/","title":{"rendered":"Acad\u00e9mie des sports"},"content":{"rendered":"<p>Avec une vaste offre d&rsquo;activit\u00e9s, y compris les sports nautiques, le v\u00e9lo, le bien-\u00eatre et les activit\u00e9s sportives, profitez au mieux de vos vacances. Des vacances amusantes et sportives vous attendent \u00e0 Lyttos Beach. Lorsque profiter du soleil, passer du temps \u00e0 la plage et se pr\u00e9lasser au bord de la piscine ne suffisent pas pour vos vacances de luxe en famille, optez pour un sport passionnant. Relevez le d\u00e9fi et restez actif pendant votre s\u00e9jour. Faites votre choix parmi une vari\u00e9t\u00e9 d&rsquo;activit\u00e9s int\u00e9rieures et ext\u00e9rieures organis\u00e9es sp\u00e9cialement pour vous. Nos espaces et installations de bien-\u00eatre \u00e0 la pointe de la technologie sont con\u00e7us pour apaiser l&rsquo;\u00e2me, dynamiser l&rsquo;esprit et le corps et vous aider \u00e0 vous reconnecter avec le monde qui vous entoure. Prenez le temps de profiter d&rsquo;une gamme de soins de spa exclusifs ou restez en forme avec une s\u00e9ance \u00e0 la salle de sport.<\/p>\n","protected":false},"excerpt":{"rendered":"<p>Avec une vaste offre d&rsquo;activit\u00e9s, y compris les sports nautiques, le v\u00e9lo, le bien-\u00eatre et les activit\u00e9s sportives, profitez au mieux de vos vacances. Des vacances amusantes et sportives vous attendent \u00e0 Lyttos Beach. Lorsque profiter du soleil, passer du&hellip;<\/p>\n","protected":false},"author":1,"featured_media":0,"parent":0,"menu_order":0,"comment_status":"closed","ping_status":"closed","template":"kobo\/experiences.php","meta":{"_acf_changed":false,"footnotes":""},"class_list":["post-8641","page","type-page","status-publish","hentry","entry","no-media"],"acf":[],"aioseo_notices":[],"_links":{"self":[{"href":"https:\/\/www.lyttosbeach.gr\/fr\/wp-json\/wp\/v2\/pages\/8641","targetHints":{"allow":["GET"]}}],"collection":[{"href":"https:\/\/www.lyttosbeach.gr\/fr\/wp-json\/wp\/v2\/pages"}],"about":[{"href":"https:\/\/www.lyttosbeach.gr\/fr\/wp-json\/wp\/v2\/types\/page"}],"author":[{"embeddable":true,"href":"https:\/\/www.lyttosbeach.gr\/fr\/wp-json\/wp\/v2\/users\/1"}],"replies":[{"embeddable":true,"href":"https:\/\/www.lyttosbeach.gr\/fr\/wp-json\/wp\/v2\/comments?post=8641"}],"version-history":[{"count":2,"href":"https:\/\/www.lyttosbeach.gr\/fr\/wp-json\/wp\/v2\/pages\/8641\/revisions"}],"predecessor-version":[{"id":10102,"href":"https:\/\/www.lyttosbeach.gr\/fr\/wp-json\/wp\/v2\/pages\/8641\/revisions\/10102"}],"wp:attachment":[{"href":"https:\/\/www.lyttosbeach.gr\/fr\/wp-json\/wp\/v2\/media?parent=8641"}],"curies":[{"name":"wp","href":"https:\/\/api.w.org\/{rel}","templated":true}]}}