{"id":8656,"date":"2021-03-09T11:42:50","date_gmt":"2021-03-09T09:42:50","guid":{"rendered":"https:\/\/lifethink.eu\/lyttosbeach\/accommodation\/"},"modified":"2023-05-22T10:33:13","modified_gmt":"2023-05-22T08:33:13","slug":"accommodation","status":"publish","type":"page","link":"https:\/\/www.lyttosbeach.gr\/fr\/accommodation\/","title":{"rendered":"LOGEMENT"},"content":{"rendered":"<p>D\u00e9couvrez la s\u00e9r\u00e9nade apaisante du son des vagues alors qu\u2019elles embrassent le rivage, ouvrant la voie \u00e0 d\u2019innombrables souvenirs de d\u00e9tente. Embarquez pour une escapade inoubliable avec Lyttos Beach Resort, o\u00f9 vous serez non seulement \u00e9merveill\u00e9 par la beaut\u00e9 \u00e0 couper le souffle des environs, mais vous d\u00e9couvrirez aussi de d\u00e9licieuses surprises que nous vous avons soigneusement pr\u00e9par\u00e9es.<\/p>\n<p>D\u00e9tendez-vous dans nos chambres spacieuses, m\u00e9ticuleusement con\u00e7ues pour allier \u00e9l\u00e9gance minimaliste et style contemporain, o\u00f9 notre aimable service sublimera votre s\u00e9jour. Nos 650 chambres et suites bien am\u00e9nag\u00e9es, dot\u00e9es de piscines priv\u00e9es ou partag\u00e9es, sont con\u00e7ues pour offrir le summum de la d\u00e9tente, des loisirs et du rajeunissement. D\u00e9couvrez la fusion parfaite de l\u2019amusement, de l\u2019action et du plaisir au milieu de magnifiques paysages m\u00e9diterran\u00e9ens, faisant de Lyttos Beach le choix parfait pour des vacances en famille, des escapades romantiques ou un entra\u00eenement sportif professionnel en toute harmonie. D\u00e9couvrez le charme enchanteur de la Cr\u00e8te au Lyttos Beach Hotel, o\u00f9 des moments inoubliables sont cr\u00e9\u00e9s.<\/p>\n","protected":false},"excerpt":{"rendered":"<p>D\u00e9couvrez la s\u00e9r\u00e9nade apaisante du son des vagues alors qu\u2019elles embrassent le rivage, ouvrant la voie \u00e0 d\u2019innombrables souvenirs de d\u00e9tente. Embarquez pour une escapade inoubliable avec Lyttos Beach Resort, o\u00f9 vous serez non seulement \u00e9merveill\u00e9 par la beaut\u00e9 \u00e0&hellip;<\/p>\n","protected":false},"author":1,"featured_media":0,"parent":0,"menu_order":0,"comment_status":"closed","ping_status":"closed","template":"kobo\/rooms.php","meta":{"_acf_changed":false,"footnotes":""},"class_list":["post-8656","page","type-page","status-publish","hentry","entry","no-media"],"acf":[],"aioseo_notices":[],"_links":{"self":[{"href":"https:\/\/www.lyttosbeach.gr\/fr\/wp-json\/wp\/v2\/pages\/8656","targetHints":{"allow":["GET"]}}],"collection":[{"href":"https:\/\/www.lyttosbeach.gr\/fr\/wp-json\/wp\/v2\/pages"}],"about":[{"href":"https:\/\/www.lyttosbeach.gr\/fr\/wp-json\/wp\/v2\/types\/page"}],"author":[{"embeddable":true,"href":"https:\/\/www.lyttosbeach.gr\/fr\/wp-json\/wp\/v2\/users\/1"}],"replies":[{"embeddable":true,"href":"https:\/\/www.lyttosbeach.gr\/fr\/wp-json\/wp\/v2\/comments?post=8656"}],"version-history":[{"count":2,"href":"https:\/\/www.lyttosbeach.gr\/fr\/wp-json\/wp\/v2\/pages\/8656\/revisions"}],"predecessor-version":[{"id":10115,"href":"https:\/\/www.lyttosbeach.gr\/fr\/wp-json\/wp\/v2\/pages\/8656\/revisions\/10115"}],"wp:attachment":[{"href":"https:\/\/www.lyttosbeach.gr\/fr\/wp-json\/wp\/v2\/media?parent=8656"}],"curies":[{"name":"wp","href":"https:\/\/api.w.org\/{rel}","templated":true}]}}