{"id":8659,"date":"2021-03-09T11:42:45","date_gmt":"2021-03-09T09:42:45","guid":{"rendered":"https:\/\/lifethink.eu\/lyttosbeach\/about\/"},"modified":"2023-05-22T10:27:11","modified_gmt":"2023-05-22T08:27:11","slug":"about","status":"publish","type":"page","link":"https:\/\/www.lyttosbeach.gr\/fr\/about\/","title":{"rendered":"\u00c0 PROPOS DE NOUS"},"content":{"rendered":"<p>Lyttos Beach Resort est l\u2019hospitalit\u00e9 moderne \u00e0 son paroxysme. Situ\u00e9 sur un magnifique emplacement en bord de mer dans le village baln\u00e9aire d\u2019Analipsi dans la baie d\u2019Hersonissos, le Lyttos Beach Resort est l\u2019endroit o\u00f9 l\u2019hospitalit\u00e9 cr\u00e9toise sinc\u00e8re se marie harmonieusement avec une ambiance fra\u00eeche et sophistiqu\u00e9e. Proposant des h\u00e9bergements de r\u00eave et des services exceptionnels, le Lyttos Beach Resort est l\u2019endroit id\u00e9al pour profiter d\u2019une hospitalit\u00e9 tout compris et de moments amusants au bord de la plage. Offrez-vous de superbes couchers de soleil sur la plage, une cuisine cr\u00e9toise authentique et un large \u00e9ventail d\u2019activit\u00e9s et de sports passionnants dans ses locaux impressionnants.<\/p>\n<p>Lyttos Beach Resort est le choix parfait pour les familles. Con\u00e7u pour r\u00e9pondre aux besoins des enfants et des adultes, une exp\u00e9rience excitante est toujours \u00e0 port\u00e9e de main. Avec des services 24h\/7j, des activit\u00e9s sur mesure, des installations ultramodernes et une attention pour chaque d\u00e9tail, notre \u00e9quipe de professionnels vous attend pour rendre vos vacances m\u00e9morables.<\/p>\n<p>Aussi populaire qu\u2019Hersonissos puisse \u00eatre en \u00e9t\u00e9, les piscines immacul\u00e9es de l\u2019h\u00f4tel donnent toujours l\u2019impression de l\u2019endroit o\u00f9 il faut \u00eatre. La magnifique toile de fond naturelle du village d\u2019Analipsi, o\u00f9 les montagnes rencontrent la mer, et le vaste littoral d\u2019Hersonissos cr\u00e9ent le cadre id\u00e9al pour une escapade parfaite au bord de la plage. Profitez de la vie estivale anim\u00e9e sous le soleil avec votre famille et vos amis.\u00a0 Quelle que soit la partie du Lyttos Beach Resort dans laquelle vous vous rendez, l\u2019effet de surprise est constant.<\/p>\n<p>Un programme d\u2019activit\u00e9s engageant et des installations sportives ultramodernes obtiendront l\u2019enti\u00e8re approbation de nos jeunes h\u00f4tes. Lyttos Beach Resort est un havre de vacances en famille o\u00f9 la beaut\u00e9 naturelle et le design \u00e9l\u00e9gant se combinent cr\u00e9ant ainsi la destination id\u00e9ale pour des vacances inoubliables en Cr\u00e8te.<\/p>\n","protected":false},"excerpt":{"rendered":"<p>Lyttos Beach Resort est l\u2019hospitalit\u00e9 moderne \u00e0 son paroxysme. Situ\u00e9 sur un magnifique emplacement en bord de mer dans le village baln\u00e9aire d\u2019Analipsi dans la baie d\u2019Hersonissos, le Lyttos Beach Resort est l\u2019endroit o\u00f9 l\u2019hospitalit\u00e9 cr\u00e9toise sinc\u00e8re se marie harmonieusement&hellip;<\/p>\n","protected":false},"author":1,"featured_media":0,"parent":0,"menu_order":0,"comment_status":"closed","ping_status":"closed","template":"kobo\/about.php","meta":{"_acf_changed":false,"footnotes":""},"class_list":["post-8659","page","type-page","status-publish","hentry","entry","no-media"],"acf":[],"aioseo_notices":[],"_links":{"self":[{"href":"https:\/\/www.lyttosbeach.gr\/fr\/wp-json\/wp\/v2\/pages\/8659","targetHints":{"allow":["GET"]}}],"collection":[{"href":"https:\/\/www.lyttosbeach.gr\/fr\/wp-json\/wp\/v2\/pages"}],"about":[{"href":"https:\/\/www.lyttosbeach.gr\/fr\/wp-json\/wp\/v2\/types\/page"}],"author":[{"embeddable":true,"href":"https:\/\/www.lyttosbeach.gr\/fr\/wp-json\/wp\/v2\/users\/1"}],"replies":[{"embeddable":true,"href":"https:\/\/www.lyttosbeach.gr\/fr\/wp-json\/wp\/v2\/comments?post=8659"}],"version-history":[{"count":2,"href":"https:\/\/www.lyttosbeach.gr\/fr\/wp-json\/wp\/v2\/pages\/8659\/revisions"}],"predecessor-version":[{"id":10109,"href":"https:\/\/www.lyttosbeach.gr\/fr\/wp-json\/wp\/v2\/pages\/8659\/revisions\/10109"}],"wp:attachment":[{"href":"https:\/\/www.lyttosbeach.gr\/fr\/wp-json\/wp\/v2\/media?parent=8659"}],"curies":[{"name":"wp","href":"https:\/\/api.w.org\/{rel}","templated":true}]}}