{"id":8665,"date":"2020-12-17T13:22:24","date_gmt":"2020-12-17T11:22:24","guid":{"rendered":"https:\/\/lifethink.eu\/lyttosbeach\/home\/"},"modified":"2023-05-22T10:34:42","modified_gmt":"2023-05-22T08:34:42","slug":"home","status":"publish","type":"page","link":"https:\/\/www.lyttosbeach.gr\/fr\/","title":{"rendered":"ACCUEIL"},"content":{"rendered":"<p>Il y a des moments o\u00f9 seules des vacances \u00e0 la plage suffiront. Rendez-les extraordinaires au Lyttos Beach Resort en Cr\u00e8te, o\u00f9 chaque instant sera rempli de plaisir et d\u2019amusement sans fin.<\/p>\n<p>La vie est meilleure \u00e0 Lyttos Beach.<\/p>\n","protected":false},"excerpt":{"rendered":"<p>Il y a des moments o\u00f9 seules des vacances \u00e0 la plage suffiront. Rendez-les extraordinaires au Lyttos Beach Resort en Cr\u00e8te, o\u00f9 chaque instant sera rempli de plaisir et d\u2019amusement sans fin. La vie est meilleure \u00e0 Lyttos Beach.<\/p>\n","protected":false},"author":1,"featured_media":0,"parent":0,"menu_order":0,"comment_status":"closed","ping_status":"closed","template":"kobo\/home.php","meta":{"_acf_changed":false,"footnotes":""},"class_list":["post-8665","page","type-page","status-publish","hentry","entry","no-media"],"acf":[],"aioseo_notices":[],"_links":{"self":[{"href":"https:\/\/www.lyttosbeach.gr\/fr\/wp-json\/wp\/v2\/pages\/8665","targetHints":{"allow":["GET"]}}],"collection":[{"href":"https:\/\/www.lyttosbeach.gr\/fr\/wp-json\/wp\/v2\/pages"}],"about":[{"href":"https:\/\/www.lyttosbeach.gr\/fr\/wp-json\/wp\/v2\/types\/page"}],"author":[{"embeddable":true,"href":"https:\/\/www.lyttosbeach.gr\/fr\/wp-json\/wp\/v2\/users\/1"}],"replies":[{"embeddable":true,"href":"https:\/\/www.lyttosbeach.gr\/fr\/wp-json\/wp\/v2\/comments?post=8665"}],"version-history":[{"count":3,"href":"https:\/\/www.lyttosbeach.gr\/fr\/wp-json\/wp\/v2\/pages\/8665\/revisions"}],"predecessor-version":[{"id":10116,"href":"https:\/\/www.lyttosbeach.gr\/fr\/wp-json\/wp\/v2\/pages\/8665\/revisions\/10116"}],"wp:attachment":[{"href":"https:\/\/www.lyttosbeach.gr\/fr\/wp-json\/wp\/v2\/media?parent=8665"}],"curies":[{"name":"wp","href":"https:\/\/api.w.org\/{rel}","templated":true}]}}